{"id":7897,"date":"2018-07-05T09:21:28","date_gmt":"2018-07-05T09:21:28","guid":{"rendered":"https:\/\/www.eliteva.com.tr\/?page_id=7897"},"modified":"2025-09-07T12:40:19","modified_gmt":"2025-09-07T12:40:19","slug":"kariyer","status":"publish","type":"page","link":"https:\/\/www.eliteva.com.tr\/index.php\/kariyer\/","title":{"rendered":"Kariyer"},"content":{"rendered":"<div class=\"wpb-content-wrapper\"><p>[vc_section full_width=&#8221;stretch_row&#8221; css=&#8221;.vc_custom_1757247685424{margin-top: 0px !important;margin-bottom: 0px !important;padding-top: 10px !important;padding-bottom: 75px !important;}&#8221;][vc_row gap=&#8221;30&#8243;][vc_column css=&#8221;.vc_custom_1527765435779{margin-top: 0px !important;margin-bottom: 0px !important;}&#8221;][vc_custom_heading text=&#8221;\u015eirketimiz i\u00e7erisinde olu\u015fan a\u00e7\u0131k pozisyonlara; kurum k\u00fclt\u00fcr\u00fc, politikas\u0131 ve hedeflerine uygun \u00f6zellik ve yetkinliklere sahip adaylar istihdam etmekteyiz.&#8221; font_container=&#8221;tag:h6|font_size:15px|text_align:left|color:%230c121f|line_height:26px&#8221; use_theme_fonts=&#8221;yes&#8221; css=&#8221;.vc_custom_1757247738479{margin-top: 0px !important;margin-bottom: 12px !important;padding-top: 0px !important;}&#8221; el_class=&#8221;font-weight-medium letter-spacing-1&#8243;][vc_custom_heading text=&#8221;Kariyer&#8221; font_container=&#8221;tag:h3|font_size:40px|text_align:left|color:%230c121f|line_height:50px&#8221; use_theme_fonts=&#8221;yes&#8221; css=&#8221;.vc_custom_1757247744647{margin-top: 0px !important;margin-bottom: 20px !important;}&#8221; el_class=&#8221;font-weight-bold&#8221;][vc_custom_heading text=&#8221;\u0130\u015fe al\u0131m s\u00fcrecimiz \u015firketimize \u00e7e\u015fitli yollardan (insankaynaklari@eliteva.com.tr, internet sitemiz, www.kariyer.net) ula\u015ft\u0131r\u0131lan ba\u015fvurular\u0131n de\u011ferlendirilmesi ile ba\u015flamaktad\u0131r. \u015eirket i\u00e7erisindeki a\u00e7\u0131k pozisyonlarla ilgili yap\u0131lan i\u015f ba\u015fvurular\u0131 aday havuzumuzda toplanmaktad\u0131r.<\/p>\n<p>Aran\u0131lan pozisyonla ilgili gerekli yetkinliklere sahip ve pozisyon gerekliliklerine cevap veren ba\u015fvurular, ilgili aday havuzumuza y\u00f6nlendirilir. \u0130\u015fe al\u0131m s\u00fcrecinde kulland\u0131\u011f\u0131m\u0131z \u00e7e\u015fitli ara\u00e7larla g\u00f6r\u00fc\u015fme s\u00fcre\u00e7leri tamamlan\u0131r.<\/p>\n<p>Uygun bulunan adaylara i\u015f teklifinde bulunulur. Ard\u0131ndan aday\u0131n oryantasyon ve e\u011fitim s\u00fcreci ba\u015flar.<\/p>\n<p>\u00c7al\u0131\u015fan\u0131n i\u015fe ve kurumsal s\u00fcre\u00e7lere adapte olmas\u0131n\u0131 sa\u011flayacak, t\u00fcm bilgi, beceri ve \u00f6\u011frenme ihtiyac\u0131n\u0131n kar\u015f\u0131lanmas\u0131na y\u00f6nelik \u00e7al\u0131\u015fmalar yapma amac\u0131nday\u0131z.<\/p>\n<p>En \u00f6nemli kayna\u011f\u0131m\u0131z e\u011fitimdir. T\u00fcm e\u011fitim ve geli\u015ftirme faaliyetlerimiz Elit Eva Akademisi ad\u0131 alt\u0131nda Uzman E\u011fitmenlerimiz taraf\u0131ndan verilmektedir.<\/p>\n<p>Ki\u015filerin geli\u015fimlerini sa\u011flayarak kariyerlerine y\u00f6n verme hedefindeyiz. Bunun bir sonucu olarak y\u00f6neticilerimizi kendi i\u00e7imizden \u00e7\u0131kart\u0131yor, onlar\u0131 Elit k\u00fclt\u00fcr\u00fc ile yeti\u015ftiriyor ve birlikte ayn\u0131 hedefte ilerliyoruz.<\/p>\n<p>\u00c7al\u0131\u015fanlar\u0131m\u0131z\u0131n mesleki ve ki\u015fisel geli\u015fimlerini, en \u00fcst seviyeye ta\u015f\u0131malar\u0131na katk\u0131da bulunmak, mevcut g\u00f6revlerinde yapabileceklerinin en iyisini yapmalar\u0131 i\u00e7in gerekli deste\u011fi almalar\u0131n\u0131 sa\u011flamak, kuruma ba\u011fl\u0131l\u0131klar\u0131n\u0131 s\u00fcrekli k\u0131lmak amac\u0131yla performans y\u00f6netimine b\u00fcy\u00fck \u00f6nem veriyoruz.<\/p>\n<p>Performans de\u011ferlendirme, kurum i\u00e7erisinde \u00e7e\u015fitli \u0130nsan Kaynaklar\u0131 uygulamalar\u0131 ile birlikte ger\u00e7ekle\u015ftirilmektedir.<\/p>\n<p>Performans Y\u00f6netimi, \u00e7al\u0131\u015fanlar\u0131m\u0131za, kendi ba\u015far\u0131lar\u0131n\u0131 ve geli\u015ftirmeleri gereken y\u00f6nlerini g\u00f6rmelerini sa\u011flamakla birlikte, e\u011fitim ve geli\u015fim ihtiya\u00e7lar\u0131n\u0131n belirlenmesine katk\u0131da bulunan en \u00f6nemli \u0130nsan Kaynaklar\u0131 uygulamalar\u0131m\u0131z aras\u0131nda yer almaktad\u0131r.&#8221; font_container=&#8221;tag:p|text_align:left|color:%230c121f&#8221; use_theme_fonts=&#8221;yes&#8221; css=&#8221;.vc_custom_1757248265064{margin-top: 0px !important;margin-bottom: 0px !important;}&#8221;][\/vc_column][\/vc_row][\/vc_section]<\/p>\n<\/div>","protected":false},"excerpt":{"rendered":"<p>[vc_section full_width=&#8221;stretch_row&#8221; css=&#8221;.vc_custom_1757247685424{margin-top: 0px !important;margin-bottom: 0px !important;padding-top: 10px !important;padding-bottom: 75px !important;}&#8221;][vc_row gap=&#8221;30&#8243;][vc_column css=&#8221;.vc_custom_1527765435779{margin-top: 0px !important;margin-bottom: 0px !important;}&#8221;][vc_custom_heading text=&#8221;\u015eirketimiz i\u00e7erisinde olu\u015fan a\u00e7\u0131k pozisyonlara; kurum k\u00fclt\u00fcr\u00fc, politikas\u0131 ve hedeflerine uygun \u00f6zellik ve yetkinliklere sahip adaylar istihdam etmekteyiz.&#8221; font_container=&#8221;tag:h6|font_size:15px|text_align:left|color:%230c121f|line_height:26px&#8221; use_theme_fonts=&#8221;yes&#8221; css=&#8221;.vc_custom_1757247738479{margin-top: 0px !important;margin-bottom: 12px !important;padding-top: 0px !important;}&#8221; el_class=&#8221;font-weight-medium letter-spacing-1&#8243;][vc_custom_heading text=&#8221;Kariyer&#8221; font_container=&#8221;tag:h3|font_size:40px|text_align:left|color:%230c121f|line_height:50px&#8221; use_theme_fonts=&#8221;yes&#8221; css=&#8221;.vc_custom_1757247744647{margin-top: 0px !important;margin-bottom: 20px !important;}&#8221; el_class=&#8221;font-weight-bold&#8221;][vc_custom_heading [&hellip;]<\/p>\n","protected":false},"author":1,"featured_media":8143,"parent":0,"menu_order":0,"comment_status":"closed","ping_status":"closed","template":"","meta":{"footnotes":""},"class_list":["post-7897","page","type-page","status-publish","has-post-thumbnail","hentry"],"_links":{"self":[{"href":"https:\/\/www.eliteva.com.tr\/index.php\/wp-json\/wp\/v2\/pages\/7897","targetHints":{"allow":["GET"]}}],"collection":[{"href":"https:\/\/www.eliteva.com.tr\/index.php\/wp-json\/wp\/v2\/pages"}],"about":[{"href":"https:\/\/www.eliteva.com.tr\/index.php\/wp-json\/wp\/v2\/types\/page"}],"author":[{"embeddable":true,"href":"https:\/\/www.eliteva.com.tr\/index.php\/wp-json\/wp\/v2\/users\/1"}],"replies":[{"embeddable":true,"href":"https:\/\/www.eliteva.com.tr\/index.php\/wp-json\/wp\/v2\/comments?post=7897"}],"version-history":[{"count":6,"href":"https:\/\/www.eliteva.com.tr\/index.php\/wp-json\/wp\/v2\/pages\/7897\/revisions"}],"predecessor-version":[{"id":8150,"href":"https:\/\/www.eliteva.com.tr\/index.php\/wp-json\/wp\/v2\/pages\/7897\/revisions\/8150"}],"wp:featuredmedia":[{"embeddable":true,"href":"https:\/\/www.eliteva.com.tr\/index.php\/wp-json\/wp\/v2\/media\/8143"}],"wp:attachment":[{"href":"https:\/\/www.eliteva.com.tr\/index.php\/wp-json\/wp\/v2\/media?parent=7897"}],"curies":[{"name":"wp","href":"https:\/\/api.w.org\/{rel}","templated":true}]}}