{"id":7213,"date":"2018-06-02T07:29:20","date_gmt":"2018-06-02T07:29:20","guid":{"rendered":"https:\/\/www.eliteva.com.tr\/?page_id=7213"},"modified":"2025-09-07T13:14:45","modified_gmt":"2025-09-07T13:14:45","slug":"hakkimizda","status":"publish","type":"page","link":"https:\/\/www.eliteva.com.tr\/index.php\/hakkimizda\/","title":{"rendered":"Hakk\u0131m\u0131zda"},"content":{"rendered":"<div class=\"wpb-content-wrapper\"><p>[vc_section full_width=&#8221;stretch_row&#8221; css=&#8221;.vc_custom_1757250288266{margin-top: 0px !important;margin-bottom: 0px !important;padding-top: 20px !important;padding-bottom: 75px !important;}&#8221;][vc_row][vc_column css=&#8221;.vc_custom_1527765435779{margin-top: 0px !important;margin-bottom: 0px !important;}&#8221;][vc_raw_html css=&#8221;&#8221;]JTNDcCUzRUVsaXQlMjBFdmElMjBTYW5heWklMkMlMjAyMDE3JTIweSVDNCVCMWwlQzQlQjFuZGElMjAlQzQlQjBzdGFuYnVsJTIwRXNlbnl1cnQlMjd0YSUyMDEyLjAwMCUyMG1ldHJla2FyZWxpayUyMG1vZGVybiUyMGJpciUyMCUyNnV1bWwlM0JyZXRpbSUyMHRlc2lzaW5kZSUyMGt1cnVsbXUlQzUlOUYlMjBvbHVwJTJDJTIwYXlha2thYiVDNCVCMSUyQyUyMGslQzQlQjFydGFzaXllJTJDJTIwcHJvbW9zeW9uJTJDJTIwb3RvbW90aXYlMkMlMjBpbiVDNSU5RmFhdCUyMHZlJTIwc2ElQzQlOUZsJUM0JUIxayUyMHNla3QlMjZvdW1sJTNCcmxlcmluZSUyMHklMjZvdW1sJTNCbmVsaWslMjBnZW5pJUM1JTlGJTIwYmlyJTIweWVscGF6ZWRlJTIweSUyNnV1bWwlM0Jrc2VrJTIwa2FsaXRlbGklMjBrYXBhbCVDNCVCMSUyMGclMjZvdW1sJTNCemVuZWtsaSUyMHMlMjZ1dW1sJTNCbmdlciUyMHlhcCVDNCVCMWRhJTIwbWFsemVtZWxlciUyMCUyNnV1bWwlM0JyZXRtZWt0ZWRpci4lMjAlMjZVdW1sJTNCciUyNnV1bWwlM0JuJTIwcG9ydGYlMjZvdW1sJTNCeSUyNnV1bWwlM0JtJTI2dXVtbCUzQnpkZSUyMEVWQSUyQyUyMEVQRE0lMkMlMjBQRSUyMHZlJTIwTkVPUFJFTiUyMGdpYmklMjAlMjZjY2VkaWwlM0JlJUM1JTlGaXRsaSUyMG1hbHplbWVsZXIlMjBidWx1bm1ha3RhZCVDNCVCMXIuJTIwJUM1JTlFaXJrZXRpbWl6JTJDJTIwc2VrdCUyNm91bWwlM0JyZGVraSUyMHllbmlsaWtsZXJpJTIweWFrJUM0JUIxbmRhbiUyMHRha2lwJTIwZWRlcmVrJTJDJTIwZW4lMjBzb24lMjB0ZWtub2xvamlsZXJpJTIwdmUlMjBpbGVyaSUyMCUyNnV1bWwlM0JyZXRpbSUyMHRla25pa2xlcmluaSUyMGt1bGxhbmFyYWslMjBtJTI2dXVtbCUzQiVDNSU5RnRlcmklMjBiZWtsZW50aWxlcmluaSUyMGElQzUlOUZtYXklQzQlQjElMjBoZWRlZmxlbWVrdGVkaXIuJTNDJTJGcCUzRSUzQ2JyJTNFJTBBJTNDcCUzRUZhYnJpa2FtJUM0JUIxeiUyQyUyMGclMjZ1dW1sJTNCbmwlMjZ1dW1sJTNCayUyMDIwJTIwdG9uJTIwJTI2dXVtbCUzQnJldGltJTIwa2FwYXNpdGVzaW5lJTIwc2FoaXAlMjBvbHVwJTJDJTIwYnUlMjAlMjZ1dW1sJTNCcmV0aW0lMjBnJTI2dXVtbCUzQmMlMjZ1dW1sJTNCbmUlMjAxMjAlMjBraSVDNSU5RmlsaWslMjB1em1hbiUyMGthZHJvbXV6dW4lMjBrYXRrJUM0JUIxbGFyJUM0JUIxeWxhJTIwdWxhJUM1JTlGJUM0JUIxbG1ha3RhZCVDNCVCMXIuJTIwRWxpdCUyMEV2YSUyMFNhbmF5aSUyMG9sYXJhayUyQyUyMGthbGl0ZSUyMHZlJTIwbSUyNnV1bWwlM0JrZW1tZWxpeWV0aSUyMHRlbWVsJTIwcHJlbnNpcGxlcmltaXolMjBvbGFyYWslMjBiZW5pbXNlbWklQzUlOUYlMjBidWx1bm1ha3RheSVDNCVCMXouJTIwQnUlMjBkbyVDNCU5RnJ1bHR1ZGElMkMlMjBpJUM1JTlGJTIwcyUyNnV1bWwlM0JyZSUyNmNjZWRpbCUzQmxlcmltaXppJTIwcyUyNnV1bWwlM0JyZWtsaSUyMG9sYXJhayUyMGdlbGklQzUlOUZ0aXJpcCUyMHllbmlsZXllcmVrJTIwc2VrdCUyNm91bWwlM0JyZGVraSUyMGxpZGVyJTIwa29udW11bXV6dSUyMGtvcnVtYSUyMHZlJTIwZGFoYSUyMGlsZXJpeWUlMjB0YSVDNSU5RiVDNCVCMW1hJTIwaGVkZWZpbmRleWl6LiUyMEFtYWMlQzQlQjFtJUM0JUIxeiUyQyUyMCUyNnV1bWwlM0JyJTI2dXVtbCUzQm5sZXJpbWl6ZGVraSUyMGthbGl0ZSUyMHZlJTIwaW5vdmFzeW9uJTIwYW5sYXklQzQlQjElQzUlOUYlQzQlQjFtJUM0JUIxeiVDNCVCMSUyMHQlMjZ1dW1sJTNCbSUyMGklQzUlOUYlMjBvcnRha2xhciVDNCVCMW0lQzQlQjF6YSUyMHlhbnMlQzQlQjF0bWFrJTIwdmUlMjBtJTI2dXVtbCUzQiVDNSU5RnRlcmklMjBtZW1udW5peWV0aW5pJTIwZW4lMjAlMjZ1dW1sJTNCc3QlMjBkJTI2dXVtbCUzQnpleWRlJTIwdHV0bWFrdCVDNCVCMXIuJTNDJTJGcCUzRSUzQ2JyJTNFJTBBJTNDcCUzRU1ha2luZSUyMHBhcmt1cnVtdXolMkMlMjBkJTI2dXVtbCUzQm55YSUyMHN0YW5kYXJ0bGFyJUM0JUIxbmRhJTIwZW4lMjBnZWxpJUM1JTlGbWklQzUlOUYlMjB0ZWtub2xvaml5ZSUyMHNhaGlwJTIwbW9kZXJuJTIwbWFraW5lbGVyZGVuJTIwb2x1JUM1JTlGbWFrdGElMjBvbHVwJTJDJTIwJTI2dXVtbCUzQnJldGltJTIwcyUyNnV1bWwlM0JyZSUyNmNjZWRpbCUzQmxlcmluZGUlMjBtYWtzaW11bSUyMHZlcmltbGlsaWslMjB2ZSUyMGthbGl0ZXlpJTIwc2ElQzQlOUZsYW1ha3RhZCVDNCVCMXIuJTIwU2VrdCUyNm91bWwlM0JyZSUyMGRhaXIlMjB0JTI2dXVtbCUzQm0lMjBtYWtpbmUlMjB2ZSUyMGRvbmFuJUM0JUIxbWxhcmElMjBla3Npa3NpeiUyMGJpciUyMCVDNSU5RmVraWxkZSUyMHNhaGlwJTIwb2xhbiUyMGZpcm1hbSVDNCVCMXolMkMlMjAlMjZ1dW1sJTNCcmV0aW0lMjBrYXBhc2l0ZXNpbmklMjB2ZSUyMGthbGl0ZSUyMGtvbnRyb2wlMjBzJTI2dXVtbCUzQnJlJTI2Y2NlZGlsJTNCbGVyaW5pJTIwZW4lMjAlMjZ1dW1sJTNCc3QlMjBzZXZpeWVkZSUyMHR1dG1ha3RhZCVDNCVCMXIuJTIwQXlyJUM0JUIxY2ElMkMlMjAlMjZjY2VkaWwlM0JldnJlJTIwZG9zdHUlMjAlMjZ1dW1sJTNCcmV0aW0lMjB0ZWtuaWtsZXJpeWxlJTIwZG8lQzQlOUZheWElMjBvbGFuJTIwc29ydW1sdWx1JUM0JTlGdW11enVuJTIwYmlsaW5jaW5kZSUyMGhhcmVrZXQlMjBldG1la3RleWl6LiUzQyUyRnAlM0UlM0NiciUzRSUwQSUzQ3AlM0VFbGl0JTIwRXZhJTIwU2FuYXlpJTI3bmluJTIwJTI2dXVtbCUzQnIlMjZ1dW1sJTNCbmxlcmklMkMlMjBmYXJrbCVDNCVCMSUyMHNla3QlMjZvdW1sJTNCcmxlcmRlJTIwZ2VuaSVDNSU5RiUyMGJpciUyMGt1bGxhbiVDNCVCMW0lMjBhbGFuJUM0JUIxbmElMjBzYWhpcHRpci4lMjBBeWFra2FiJUM0JUIxJTJDJTIwdGVybGlrJTJDJTIwJTI2Y2NlZGlsJTNCYW50YSUyQyUyMHNwb3IlMjBtYWx6ZW1lbGVyaSUyQyUyMGFza2VyaSUyMG1hbHplbWVsZXIlMkMlMjBrJUM0JUIxcnRhc2l5ZSUyQyUyMG95dW5jYWslMkMlMjBhbWJhbGFqJTJDJTIwdGVrc3RpbCUyQyUyMG90ZWwlMjBtYWx6ZW1lbGVyaSUyQyUyMHNhJUM0JTlGbCVDNCVCMWslMkMlMjBkZW5pemNpbGlrJTJDJTIwcHJvbW9zeW9uJTJDJTIwb3RvbW90aXYlMkMlMjBiZXlheiUyMGUlQzUlOUZ5YSUyQyUyMCVDNCVCMXMlQzQlQjF0bWEtc28lQzQlOUZ1dG1hJTJDJTIwaGF2YWxhbmQlQzQlQjFybWElMkMlMjBpem9sYXN5b24lMkMlMjBpbiVDNSU5RmFhdCUyQyUyMHplbWluJTIwa2FwbGFtYSUyQyUyMGR1dmFyJTIwa2FwbGFtYSUyMHZlJTIwcGFya2UlMjBnaWJpJTIwYmlyJTI2Y2NlZGlsJTNCb2slMjBzZWt0JTI2b3VtbCUzQnJkZWtpJTIwZmlybWFsYXIlMkMlMjBnJTI2dXVtbCUzQnZlbmlsaXIlMjB2ZSUyMGRheWFuJUM0JUIxa2wlQzQlQjElMjBtYWx6ZW1lbGVyaW1pemUlMjBiYSVDNSU5RnZ1cm1ha3RhZCVDNCVCMXIuJTIwR2VuaSVDNSU5RiUyMG0lMjZ1dW1sJTNCJUM1JTlGdGVyaSUyMGElQzQlOUYlQzQlQjFtJUM0JUIxemxhJTIwc2VrdCUyNm91bWwlM0JyZGUlMjBzYSVDNCU5RmxhbSUyMGJpciUyMHllciUyMGVkaW5taSVDNSU5RiUyMG9sYW4lMjBFbGl0JTIwRXZhJTIwU2FuYXlpJTJDJTIwaSVDNSU5RiUyMG9ydGFrbGFyJUM0JUIxbSVDNCVCMXolQzQlQjFuJTIwcHJvamVsZXJpbmRlJTIwZGUlQzQlOUZlciUyMHlhcmF0bWF5YSUyMHZlJTIwcyUyNnV1bWwlM0JyZCUyNnV1bWwlM0JyJTI2dXVtbCUzQmxlYmlsaXIlMjAlMjZjY2VkaWwlM0IlMjZvdW1sJTNCeiUyNnV1bWwlM0JtbGVyJTIwc3VubWF5YSUyMGRldmFtJTIwZXRtZWt0ZWRpci4lM0MlMkZwJTNFJTNDYnIlM0UlMEElM0NwJTNFJUM0JUIwbGVyaXllJTIwZCUyNm91bWwlM0JuJTI2dXVtbCUzQmslMjBoZWRlZmxlcmltaXolMjBhcmFzJUM0JUIxbmRhJTJDJTIwJTI2dXVtbCUzQnJldGltJTIwa2FwYXNpdGVtaXppJTIwYXJ0JUM0JUIxcm1hayUyQyUyMHllbmklMjBwYXphcmxhcmElMjBhJTI2Y2NlZGlsJTNCJUM0JUIxbG1hayUyMHZlJTIwQXItR2UlMjAlMjZjY2VkaWwlM0JhbCVDNCVCMSVDNSU5Rm1hbGFyJUM0JUIxbSVDNCVCMXolQzQlQjElMjBnZWxpJUM1JTlGdGlyZXJlayUyMHNla3QlMjZvdW1sJTNCcmUlMjB5ZW5pbGlrJTI2Y2NlZGlsJTNCaSUyMCUyNnV1bWwlM0JyJTI2dXVtbCUzQm5sZXIlMjBrYXphbmQlQzQlQjFybWFrJTIweWVyJTIwYWxtYWt0YWQlQzQlQjFyLiUyMEthbGl0ZSUyQyUyMGclMjZ1dW1sJTNCdmVuaWxpcmxpayUyMHZlJTIwbSUyNnV1bWwlM0IlQzUlOUZ0ZXJpJTIwbWVtbnVuaXlldGklMjBpbGtlbGVyaW5kZW4lMjAlMjZvdW1sJTNCZCUyNnV1bWwlM0JuJTIwdmVybWVkZW4lMkMlMjB1bHVzYWwlMjB2ZSUyMHVsdXNsYXJhcmFzJUM0JUIxJTIwYXJlbmFkYSUyMHByZXN0aWpsaSUyMGJpciUyMG1hcmthJTIwb2xhcmFrJTIwdmFybCVDNCVCMSVDNCU5RiVDNCVCMW0lQzQlQjF6JUM0JUIxJTIwZGFoYSUyMGRhJTIwZyUyNnV1bWwlM0IlMjZjY2VkaWwlM0JsZW5kaXJtZWslMjBpJTI2Y2NlZGlsJTNCaW4lMjAlMjZjY2VkaWwlM0JhbCVDNCVCMSVDNSU5Rm1hbGFyJUM0JUIxbSVDNCVCMXolQzQlQjElMjBzJTI2dXVtbCUzQnJkJTI2dXVtbCUzQnJtZWt0ZXlpei4lM0MlMkZwJTNF[\/vc_raw_html][vc_row_inner gap=&#8221;30&#8243; css=&#8221;.vc_custom_1527766005485{margin-top: 35px !important;margin-right: -17px !important;margin-bottom: 0px !important;margin-left: -17px !important;}&#8221;][vc_column_inner width=&#8221;1\/3&#8243; css=&#8221;.vc_custom_1527927453393{border-top-width: 1px !important;border-right-width: 1px !important;border-bottom-width: 1px !important;border-left-width: 1px !important;padding-top: 45px !important;padding-right: 25px !important;padding-bottom: 45px !important;padding-left: 25px !important;border-left-color: #e0e0e0 !important;border-left-style: solid !important;border-right-color: #e0e0e0 !important;border-right-style: solid !important;border-top-color: #e0e0e0 !important;border-top-style: solid !important;border-bottom-color: #e0e0e0 !important;border-bottom-style: solid !important;}&#8221;]<div class=\"radiantthemes-iconbox element-one  rt1692056001\"  data-border-radius=\"square\"><div class=\"radiantthemes-iconbox-holder   vc_custom_1527927443436\"><i class=\"icofont icofont-users-alt-1\"><\/i> <\/div><\/div>[vc_custom_heading text=&#8221;Kapsaml\u0131 Tecr\u00fcbe ve Sekt\u00f6rel Liderlik&#8221; font_container=&#8221;tag:h3|font_size:20px|text_align:center|color:%23030712|line_height:25px&#8221; use_theme_fonts=&#8221;yes&#8221; css=&#8221;.vc_custom_1757250409658{margin-top: 0px !important;margin-bottom: 0px !important;padding-top: 15px !important;padding-bottom: 15px !important;}&#8221; el_class=&#8221;letter-spacing-0&#8243;][vc_custom_heading text=&#8221;2017&#8217;den beri, 12.000 m\u00b2&#8217;lik modern tesisimizde g\u00fcnl\u00fck 20 ton \u00fcretim kapasitesiyle sekt\u00f6rde lider konumday\u0131z. Ayakkab\u0131dan otomotive, in\u015faattan sa\u011fl\u0131\u011fa kadar bir\u00e7ok sekt\u00f6re y\u00fcksek kaliteli \u00e7\u00f6z\u00fcmler sunuyoruz.&#8221; font_container=&#8221;tag:p|text_align:center|color:%230c121f&#8221; use_theme_fonts=&#8221;yes&#8221; css=&#8221;.vc_custom_1757250435765{margin-top: 0px !important;margin-bottom: 0px !important;padding-top: 0px !important;}&#8221;][\/vc_column_inner][vc_column_inner width=&#8221;1\/3&#8243; css=&#8221;.vc_custom_1527927495818{margin-top: 0px !important;margin-bottom: 0px !important;border-top-width: 1px !important;border-right-width: 1px !important;border-bottom-width: 1px !important;border-left-width: 1px !important;padding-top: 45px !important;padding-right: 25px !important;padding-bottom: 45px !important;padding-left: 25px !important;border-left-color: #e0e0e0 !important;border-left-style: solid !important;border-right-color: #e0e0e0 !important;border-right-style: solid !important;border-top-color: #e0e0e0 !important;border-top-style: solid !important;border-bottom-color: #e0e0e0 !important;border-bottom-style: solid !important;}&#8221;]<div class=\"radiantthemes-iconbox element-one  rt62448080\"  data-border-radius=\"square\"><div class=\"radiantthemes-iconbox-holder   vc_custom_1527927825375\"><i class=\"icofont icofont-question-circle\"><\/i> <\/div><\/div>[vc_custom_heading text=&#8221;\u00dcst\u00fcn Kalite ve \u00c7evre Dostu Yakla\u015f\u0131m&#8221; font_container=&#8221;tag:h3|font_size:20px|text_align:center|color:%23030712|line_height:25px&#8221; use_theme_fonts=&#8221;yes&#8221; css=&#8221;.vc_custom_1757250442774{margin-top: 0px !important;margin-bottom: 0px !important;padding-top: 15px !important;padding-bottom: 15px !important;}&#8221; el_class=&#8221;letter-spacing-0&#8243;][vc_custom_heading text=&#8221;Y\u00fcksek kaliteli EVA, EPDM, PE ve NEOPREN gibi malzemeler kullan\u0131yor, t\u00fcm s\u00fcre\u00e7lerimizde m\u00fckemmelli\u011fi hedefliyoruz. \u00c7evre dostu \u00fcretim prensipleriyle hareket ederek s\u00fcrd\u00fcr\u00fclebilir bir gelece\u011fe katk\u0131 sa\u011fl\u0131yoruz.&#8221; font_container=&#8221;tag:p|text_align:center|color:%230c121f&#8221; use_theme_fonts=&#8221;yes&#8221; css=&#8221;.vc_custom_1757250450822{margin-top: 0px !important;margin-bottom: 0px !important;padding-top: 0px !important;}&#8221;][\/vc_column_inner][vc_column_inner width=&#8221;1\/3&#8243; css=&#8221;.vc_custom_1527927522768{margin-top: 0px !important;margin-bottom: 0px !important;border-top-width: 1px !important;border-right-width: 1px !important;border-bottom-width: 1px !important;border-left-width: 1px !important;padding-top: 45px !important;padding-right: 25px !important;padding-bottom: 45px !important;padding-left: 25px !important;border-left-color: #e0e0e0 !important;border-left-style: solid !important;border-right-color: #e0e0e0 !important;border-right-style: solid !important;border-top-color: #e0e0e0 !important;border-top-style: solid !important;border-bottom-color: #e0e0e0 !important;border-bottom-style: solid !important;}&#8221;]<div class=\"radiantthemes-iconbox element-one  rt913747228\"  data-border-radius=\"square\"><div class=\"radiantthemes-iconbox-holder   vc_custom_1527927914310\"><i class=\"icofont icofont-unique-idea\"><\/i> <\/div><\/div>[vc_custom_heading text=&#8221;\u0130novasyon ve M\u00fc\u015fteri Odakl\u0131 Hizmet&#8221; font_container=&#8221;tag:h3|font_size:20px|text_align:center|color:%23030712|line_height:25px&#8221; use_theme_fonts=&#8221;yes&#8221; css=&#8221;.vc_custom_1757250463024{margin-top: 0px !important;margin-bottom: 0px !important;padding-top: 15px !important;padding-bottom: 15px !important;}&#8221; el_class=&#8221;letter-spacing-0&#8243;][vc_custom_heading text=&#8221;S\u00fcrekli Ar-Ge \u00e7al\u0131\u015fmalar\u0131m\u0131zla sekt\u00f6re yenilik\u00e7i \u00fcr\u00fcnler kazand\u0131r\u0131yor, m\u00fc\u015fteri memnuniyetini en \u00fcst d\u00fczeyde tutuyoruz. \u0130\u015f ortaklar\u0131m\u0131za de\u011fer katacak \u00e7\u00f6z\u00fcmler \u00fcreterek global pazardaki varl\u0131\u011f\u0131m\u0131z\u0131 g\u00fc\u00e7lendiriyoruz.&#8221; font_container=&#8221;tag:p|text_align:center|color:%230c121f&#8221; use_theme_fonts=&#8221;yes&#8221; css=&#8221;.vc_custom_1757250466579{margin-top: 0px !important;margin-bottom: 0px !important;padding-top: 0px !important;}&#8221;][\/vc_column_inner][\/vc_row_inner][\/vc_column][\/vc_row][\/vc_section]<\/p>\n<\/div>","protected":false},"excerpt":{"rendered":"<p>[vc_section full_width=&#8221;stretch_row&#8221; css=&#8221;.vc_custom_1757250288266{margin-top: 0px !important;margin-bottom: 0px !important;padding-top: 20px !important;padding-bottom: 75px !important;}&#8221;][vc_row][vc_column css=&#8221;.vc_custom_1527765435779{margin-top: 0px !important;margin-bottom: 0px !important;}&#8221;][vc_raw_html css=&#8221;&#8221;]JTNDcCUzRUVsaXQlMjBFdmElMjBTYW5heWklMkMlMjAyMDE3JTIweSVDNCVCMWwlQzQlQjFuZGElMjAlQzQlQjBzdGFuYnVsJTIwRXNlbnl1cnQlMjd0YSUyMDEyLjAwMCUyMG1ldHJla2FyZWxpayUyMG1vZGVybiUyMGJpciUyMCUyNnV1bWwlM0JyZXRpbSUyMHRlc2lzaW5kZSUyMGt1cnVsbXUlQzUlOUYlMjBvbHVwJTJDJTIwYXlha2thYiVDNCVCMSUyQyUyMGslQzQlQjFydGFzaXllJTJDJTIwcHJvbW9zeW9uJTJDJTIwb3RvbW90aXYlMkMlMjBpbiVDNSU5RmFhdCUyMHZlJTIwc2ElQzQlOUZsJUM0JUIxayUyMHNla3QlMjZvdW1sJTNCcmxlcmluZSUyMHklMjZvdW1sJTNCbmVsaWslMjBnZW5pJUM1JTlGJTIwYmlyJTIweWVscGF6ZWRlJTIweSUyNnV1bWwlM0Jrc2VrJTIwa2FsaXRlbGklMjBrYXBhbCVDNCVCMSUyMGclMjZvdW1sJTNCemVuZWtsaSUyMHMlMjZ1dW1sJTNCbmdlciUyMHlhcCVDNCVCMWRhJTIwbWFsemVtZWxlciUyMCUyNnV1bWwlM0JyZXRtZWt0ZWRpci4lMjAlMjZVdW1sJTNCciUyNnV1bWwlM0JuJTIwcG9ydGYlMjZvdW1sJTNCeSUyNnV1bWwlM0JtJTI2dXVtbCUzQnpkZSUyMEVWQSUyQyUyMEVQRE0lMkMlMjBQRSUyMHZlJTIwTkVPUFJFTiUyMGdpYmklMjAlMjZjY2VkaWwlM0JlJUM1JTlGaXRsaSUyMG1hbHplbWVsZXIlMjBidWx1bm1ha3RhZCVDNCVCMXIuJTIwJUM1JTlFaXJrZXRpbWl6JTJDJTIwc2VrdCUyNm91bWwlM0JyZGVraSUyMHllbmlsaWtsZXJpJTIweWFrJUM0JUIxbmRhbiUyMHRha2lwJTIwZWRlcmVrJTJDJTIwZW4lMjBzb24lMjB0ZWtub2xvamlsZXJpJTIwdmUlMjBpbGVyaSUyMCUyNnV1bWwlM0JyZXRpbSUyMHRla25pa2xlcmluaSUyMGt1bGxhbmFyYWslMjBtJTI2dXVtbCUzQiVDNSU5RnRlcmklMjBiZWtsZW50aWxlcmluaSUyMGElQzUlOUZtYXklQzQlQjElMjBoZWRlZmxlbWVrdGVkaXIuJTNDJTJGcCUzRSUzQ2JyJTNFJTBBJTNDcCUzRUZhYnJpa2FtJUM0JUIxeiUyQyUyMGclMjZ1dW1sJTNCbmwlMjZ1dW1sJTNCayUyMDIwJTIwdG9uJTIwJTI2dXVtbCUzQnJldGltJTIwa2FwYXNpdGVzaW5lJTIwc2FoaXAlMjBvbHVwJTJDJTIwYnUlMjAlMjZ1dW1sJTNCcmV0aW0lMjBnJTI2dXVtbCUzQmMlMjZ1dW1sJTNCbmUlMjAxMjAlMjBraSVDNSU5RmlsaWslMjB1em1hbiUyMGthZHJvbXV6dW4lMjBrYXRrJUM0JUIxbGFyJUM0JUIxeWxhJTIwdWxhJUM1JTlGJUM0JUIxbG1ha3RhZCVDNCVCMXIuJTIwRWxpdCUyMEV2YSUyMFNhbmF5aSUyMG9sYXJhayUyQyUyMGthbGl0ZSUyMHZlJTIwbSUyNnV1bWwlM0JrZW1tZWxpeWV0aSUyMHRlbWVsJTIwcHJlbnNpcGxlcmltaXolMjBvbGFyYWslMjBiZW5pbXNlbWklQzUlOUYlMjBidWx1bm1ha3RheSVDNCVCMXouJTIwQnUlMjBkbyVDNCU5RnJ1bHR1ZGElMkMlMjBpJUM1JTlGJTIwcyUyNnV1bWwlM0JyZSUyNmNjZWRpbCUzQmxlcmltaXppJTIwcyUyNnV1bWwlM0JyZWtsaSUyMG9sYXJhayUyMGdlbGklQzUlOUZ0aXJpcCUyMHllbmlsZXllcmVrJTIwc2VrdCUyNm91bWwlM0JyZGVraSUyMGxpZGVyJTIwa29udW11bXV6dSUyMGtvcnVtYSUyMHZlJTIwZGFoYSUyMGlsZXJpeWUlMjB0YSVDNSU5RiVDNCVCMW1hJTIwaGVkZWZpbmRleWl6LiUyMEFtYWMlQzQlQjFtJUM0JUIxeiUyQyUyMCUyNnV1bWwlM0JyJTI2dXVtbCUzQm5sZXJpbWl6ZGVraSUyMGthbGl0ZSUyMHZlJTIwaW5vdmFzeW9uJTIwYW5sYXklQzQlQjElQzUlOUYlQzQlQjFtJUM0JUIxeiVDNCVCMSUyMHQlMjZ1dW1sJTNCbSUyMGklQzUlOUYlMjBvcnRha2xhciVDNCVCMW0lQzQlQjF6YSUyMHlhbnMlQzQlQjF0bWFrJTIwdmUlMjBtJTI2dXVtbCUzQiVDNSU5RnRlcmklMjBtZW1udW5peWV0aW5pJTIwZW4lMjAlMjZ1dW1sJTNCc3QlMjBkJTI2dXVtbCUzQnpleWRlJTIwdHV0bWFrdCVDNCVCMXIuJTNDJTJGcCUzRSUzQ2JyJTNFJTBBJTNDcCUzRU1ha2luZSUyMHBhcmt1cnVtdXolMkMlMjBkJTI2dXVtbCUzQm55YSUyMHN0YW5kYXJ0bGFyJUM0JUIxbmRhJTIwZW4lMjBnZWxpJUM1JTlGbWklQzUlOUYlMjB0ZWtub2xvaml5ZSUyMHNhaGlwJTIwbW9kZXJuJTIwbWFraW5lbGVyZGVuJTIwb2x1JUM1JTlGbWFrdGElMjBvbHVwJTJDJTIwJTI2dXVtbCUzQnJldGltJTIwcyUyNnV1bWwlM0JyZSUyNmNjZWRpbCUzQmxlcmluZGUlMjBtYWtzaW11bSUyMHZlcmltbGlsaWslMjB2ZSUyMGthbGl0ZXlpJTIwc2ElQzQlOUZsYW1ha3RhZCVDNCVCMXIuJTIwU2VrdCUyNm91bWwlM0JyZSUyMGRhaXIlMjB0JTI2dXVtbCUzQm0lMjBtYWtpbmUlMjB2ZSUyMGRvbmFuJUM0JUIxbWxhcmElMjBla3Npa3NpeiUyMGJpciUyMCVDNSU5RmVraWxkZSUyMHNhaGlwJTIwb2xhbiUyMGZpcm1hbSVDNCVCMXolMkMlMjAlMjZ1dW1sJTNCcmV0aW0lMjBrYXBhc2l0ZXNpbmklMjB2ZSUyMGthbGl0ZSUyMGtvbnRyb2wlMjBzJTI2dXVtbCUzQnJlJTI2Y2NlZGlsJTNCbGVyaW5pJTIwZW4lMjAlMjZ1dW1sJTNCc3QlMjBzZXZpeWVkZSUyMHR1dG1ha3RhZCVDNCVCMXIuJTIwQXlyJUM0JUIxY2ElMkMlMjAlMjZjY2VkaWwlM0JldnJlJTIwZG9zdHUlMjAlMjZ1dW1sJTNCcmV0aW0lMjB0ZWtuaWtsZXJpeWxlJTIwZG8lQzQlOUZheWElMjBvbGFuJTIwc29ydW1sdWx1JUM0JTlGdW11enVuJTIwYmlsaW5jaW5kZSUyMGhhcmVrZXQlMjBldG1la3RleWl6LiUzQyUyRnAlM0UlM0NiciUzRSUwQSUzQ3AlM0VFbGl0JTIwRXZhJTIwU2FuYXlpJTI3bmluJTIwJTI2dXVtbCUzQnIlMjZ1dW1sJTNCbmxlcmklMkMlMjBmYXJrbCVDNCVCMSUyMHNla3QlMjZvdW1sJTNCcmxlcmRlJTIwZ2VuaSVDNSU5RiUyMGJpciUyMGt1bGxhbiVDNCVCMW0lMjBhbGFuJUM0JUIxbmElMjBzYWhpcHRpci4lMjBBeWFra2FiJUM0JUIxJTJDJTIwdGVybGlrJTJDJTIwJTI2Y2NlZGlsJTNCYW50YSUyQyUyMHNwb3IlMjBtYWx6ZW1lbGVyaSUyQyUyMGFza2VyaSUyMG1hbHplbWVsZXIlMkMlMjBrJUM0JUIxcnRhc2l5ZSUyQyUyMG95dW5jYWslMkMlMjBhbWJhbGFqJTJDJTIwdGVrc3RpbCUyQyUyMG90ZWwlMjBtYWx6ZW1lbGVyaSUyQyUyMHNhJUM0JTlGbCVDNCVCMWslMkMlMjBkZW5pemNpbGlrJTJDJTIwcHJvbW9zeW9uJTJDJTIwb3RvbW90aXYlMkMlMjBiZXlheiUyMGUlQzUlOUZ5YSUyQyUyMCVDNCVCMXMlQzQlQjF0bWEtc28lQzQlOUZ1dG1hJTJDJTIwaGF2YWxhbmQlQzQlQjFybWElMkMlMjBpem9sYXN5b24lMkMlMjBpbiVDNSU5RmFhdCUyQyUyMHplbWluJTIwa2FwbGFtYSUyQyUyMGR1dmFyJTIwa2FwbGFtYSUyMHZlJTIwcGFya2UlMjBnaWJpJTIwYmlyJTI2Y2NlZGlsJTNCb2slMjBzZWt0JTI2b3VtbCUzQnJkZWtpJTIwZmlybWFsYXIlMkMlMjBnJTI2dXVtbCUzQnZlbmlsaXIlMjB2ZSUyMGRheWFuJUM0JUIxa2wlQzQlQjElMjBtYWx6ZW1lbGVyaW1pemUlMjBiYSVDNSU5RnZ1cm1ha3RhZCVDNCVCMXIuJTIwR2VuaSVDNSU5RiUyMG0lMjZ1dW1sJTNCJUM1JTlGdGVyaSUyMGElQzQlOUYlQzQlQjFtJUM0JUIxemxhJTIwc2VrdCUyNm91bWwlM0JyZGUlMjBzYSVDNCU5RmxhbSUyMGJpciUyMHllciUyMGVkaW5taSVDNSU5RiUyMG9sYW4lMjBFbGl0JTIwRXZhJTIwU2FuYXlpJTJDJTIwaSVDNSU5RiUyMG9ydGFrbGFyJUM0JUIxbSVDNCVCMXolQzQlQjFuJTIwcHJvamVsZXJpbmRlJTIwZGUlQzQlOUZlciUyMHlhcmF0bWF5YSUyMHZlJTIwcyUyNnV1bWwlM0JyZCUyNnV1bWwlM0JyJTI2dXVtbCUzQmxlYmlsaXIlMjAlMjZjY2VkaWwlM0IlMjZvdW1sJTNCeiUyNnV1bWwlM0JtbGVyJTIwc3VubWF5YSUyMGRldmFtJTIwZXRtZWt0ZWRpci4lM0MlMkZwJTNFJTNDYnIlM0UlMEElM0NwJTNFJUM0JUIwbGVyaXllJTIwZCUyNm91bWwlM0JuJTI2dXVtbCUzQmslMjBoZWRlZmxlcmltaXolMjBhcmFzJUM0JUIxbmRhJTJDJTIwJTI2dXVtbCUzQnJldGltJTIwa2FwYXNpdGVtaXppJTIwYXJ0JUM0JUIxcm1hayUyQyUyMHllbmklMjBwYXphcmxhcmElMjBhJTI2Y2NlZGlsJTNCJUM0JUIxbG1hayUyMHZlJTIwQXItR2UlMjAlMjZjY2VkaWwlM0JhbCVDNCVCMSVDNSU5Rm1hbGFyJUM0JUIxbSVDNCVCMXolQzQlQjElMjBnZWxpJUM1JTlGdGlyZXJlayUyMHNla3QlMjZvdW1sJTNCcmUlMjB5ZW5pbGlrJTI2Y2NlZGlsJTNCaSUyMCUyNnV1bWwlM0JyJTI2dXVtbCUzQm5sZXIlMjBrYXphbmQlQzQlQjFybWFrJTIweWVyJTIwYWxtYWt0YWQlQzQlQjFyLiUyMEthbGl0ZSUyQyUyMGclMjZ1dW1sJTNCdmVuaWxpcmxpayUyMHZlJTIwbSUyNnV1bWwlM0IlQzUlOUZ0ZXJpJTIwbWVtbnVuaXlldGklMjBpbGtlbGVyaW5kZW4lMjAlMjZvdW1sJTNCZCUyNnV1bWwlM0JuJTIwdmVybWVkZW4lMkMlMjB1bHVzYWwlMjB2ZSUyMHVsdXNsYXJhcmFzJUM0JUIxJTIwYXJlbmFkYSUyMHByZXN0aWpsaSUyMGJpciUyMG1hcmthJTIwb2xhcmFrJTIwdmFybCVDNCVCMSVDNCU5RiVDNCVCMW0lQzQlQjF6JUM0JUIxJTIwZGFoYSUyMGRhJTIwZyUyNnV1bWwlM0IlMjZjY2VkaWwlM0JsZW5kaXJtZWslMjBpJTI2Y2NlZGlsJTNCaW4lMjAlMjZjY2VkaWwlM0JhbCVDNCVCMSVDNSU5Rm1hbGFyJUM0JUIxbSVDNCVCMXolQzQlQjElMjBzJTI2dXVtbCUzQnJkJTI2dXVtbCUzQnJtZWt0ZXlpei4lM0MlMkZwJTNF[\/vc_raw_html][vc_row_inner gap=&#8221;30&#8243; css=&#8221;.vc_custom_1527766005485{margin-top: 35px !important;margin-right: -17px !important;margin-bottom: 0px !important;margin-left: -17px !important;}&#8221;][vc_column_inner width=&#8221;1\/3&#8243; css=&#8221;.vc_custom_1527927453393{border-top-width: 1px !important;border-right-width: 1px !important;border-bottom-width: 1px !important;border-left-width: 1px !important;padding-top: 45px !important;padding-right: 25px !important;padding-bottom: 45px !important;padding-left: 25px !important;border-left-color: #e0e0e0 !important;border-left-style: solid !important;border-right-color: #e0e0e0 !important;border-right-style: solid !important;border-top-color: #e0e0e0 !important;border-top-style: [&hellip;]<\/p>\n","protected":false},"author":1,"featured_media":8243,"parent":0,"menu_order":0,"comment_status":"closed","ping_status":"closed","template":"","meta":{"footnotes":""},"class_list":["post-7213","page","type-page","status-publish","has-post-thumbnail","hentry"],"_links":{"self":[{"href":"https:\/\/www.eliteva.com.tr\/index.php\/wp-json\/wp\/v2\/pages\/7213","targetHints":{"allow":["GET"]}}],"collection":[{"href":"https:\/\/www.eliteva.com.tr\/index.php\/wp-json\/wp\/v2\/pages"}],"about":[{"href":"https:\/\/www.eliteva.com.tr\/index.php\/wp-json\/wp\/v2\/types\/page"}],"author":[{"embeddable":true,"href":"https:\/\/www.eliteva.com.tr\/index.php\/wp-json\/wp\/v2\/users\/1"}],"replies":[{"embeddable":true,"href":"https:\/\/www.eliteva.com.tr\/index.php\/wp-json\/wp\/v2\/comments?post=7213"}],"version-history":[{"count":6,"href":"https:\/\/www.eliteva.com.tr\/index.php\/wp-json\/wp\/v2\/pages\/7213\/revisions"}],"predecessor-version":[{"id":8244,"href":"https:\/\/www.eliteva.com.tr\/index.php\/wp-json\/wp\/v2\/pages\/7213\/revisions\/8244"}],"wp:featuredmedia":[{"embeddable":true,"href":"https:\/\/www.eliteva.com.tr\/index.php\/wp-json\/wp\/v2\/media\/8243"}],"wp:attachment":[{"href":"https:\/\/www.eliteva.com.tr\/index.php\/wp-json\/wp\/v2\/media?parent=7213"}],"curies":[{"name":"wp","href":"https:\/\/api.w.org\/{rel}","templated":true}]}}