{"id":3765,"date":"2018-04-23T04:47:50","date_gmt":"2018-04-23T04:47:50","guid":{"rendered":"https:\/\/www.eliteva.com.tr\/?page_id=3765"},"modified":"2025-09-07T19:22:16","modified_gmt":"2025-09-07T19:22:16","slug":"ana-sayfa","status":"publish","type":"page","link":"https:\/\/www.eliteva.com.tr\/","title":{"rendered":"Ana Sayfa"},"content":{"rendered":"<div class=\"wpb-content-wrapper\"><p>[vc_row full_width=&#8221;stretch_row&#8221; css=&#8221;.vc_custom_1524121128079{margin-top: 0px !important;margin-bottom: 0px !important;padding-top: 235px !important;padding-bottom: 240px !important;background-image: url(https:\/\/www.eliteva.com.tr\/wp-content\/uploads\/2018\/04\/Home-Eight-Banner-Background-Image.png?id=3347) !important;background-position: center !important;background-repeat: no-repeat !important;background-size: cover !important;}&#8221; el_class=&#8221;overflow-visible&#8221;][vc_column width=&#8221;3\/4&#8243; css=&#8221;.vc_custom_1537337032673{margin-top: 0px !important;margin-bottom: 0px !important;padding-top: 0px !important;padding-bottom: 0px !important;}&#8221; offset=&#8221;vc_col-lg-7 vc_col-md-7 vc_col-xs-12&#8243;][vc_custom_heading text=&#8221;K\u00fcresel \u00d6l\u00e7ekte<br \/>\nEVA \u00c7\u00f6z\u00fcmleri&#8221; font_container=&#8221;tag:h1|font_size:50px|text_align:left|color:%23ffffff|line_height:58px&#8221; use_theme_fonts=&#8221;yes&#8221; css=&#8221;.vc_custom_1757246677425{margin-top: 0px !important;margin-bottom: 25px !important;}&#8221;][vc_custom_heading text=&#8221;D\u00fcnyan\u0131n d\u00f6rt bir yan\u0131na yay\u0131lan tedarik a\u011f\u0131m\u0131zla, yenilik\u00e7i ve y\u00fcksek kaliteli EVA s\u00fcnger \u00fcr\u00fcnlerimizi h\u0131zla ula\u015ft\u0131r\u0131yor, projelerinize global destek sunuyoruz.&#8221; font_container=&#8221;tag:div|font_size:18px|text_align:left|color:%23ffffff|line_height:28px&#8221; use_theme_fonts=&#8221;yes&#8221; css=&#8221;.vc_custom_1757246687319{margin-top: 0px !important;margin-bottom: 30px !important;}&#8221;][\/vc_column][vc_column width=&#8221;1\/4&#8243; css=&#8221;.vc_custom_1537337040384{margin-top: 0px !important;margin-bottom: 0px !important;padding-top: 0px !important;padding-bottom: 0px !important;}&#8221; offset=&#8221;vc_col-lg-5 vc_col-md-5 vc_col-xs-12&#8243;][\/vc_column][\/vc_row][vc_section full_width=&#8221;stretch_row&#8221; css=&#8221;.vc_custom_1524126606771{margin-top: 0px !important;margin-bottom: 0px !important;padding-top: 0px !important;padding-bottom: 0px !important;background-image: url(https:\/\/www.eliteva.com.tr\/wp-content\/uploads\/2018\/04\/Home-Eight-Advice-Background-Image.png?id=3352) !important;background-position: 0 0 !important;background-repeat: no-repeat !important;}&#8221; el_class=&#8221;overflow-visible background-position-center-top&#8221;][vc_row full_width=&#8221;stretch_row&#8221; css=&#8221;.vc_custom_1527589192775{margin-top: 0px !important;margin-bottom: 0px !important;padding-top: 0px !important;padding-bottom: 110px !important;}&#8221; el_class=&#8221;overflow-visible&#8221;][vc_column css_animation=&#8221;fadeInUp&#8221; width=&#8221;1\/3&#8243; css=&#8221;.vc_custom_1757251899743{margin-top: 0px !important;margin-bottom: 20px !important;padding-top: 0px !important;padding-bottom: 0px !important;}&#8221; el_class=&#8221;home-eight-advice-box-item&#8221;][vc_single_image image=&#8221;8245&#8243; img_size=&#8221;full&#8221; alignment=&#8221;center&#8221; css=&#8221;.vc_custom_1757251840516{margin-top: 0px !important;margin-bottom: 20px !important;}&#8221; el_class=&#8221;full-width-image&#8221;][vc_custom_heading text=&#8221;Y\u00fcksek Kaliteli ve \u00c7evre Dostu&#8221; font_container=&#8221;tag:h3|font_size:20px|text_align:left|line_height:30px&#8221; use_theme_fonts=&#8221;yes&#8221; css=&#8221;.vc_custom_1757245765739{margin-top: 0px !important;margin-bottom: 8px !important;}&#8221; el_class=&#8221;font-weight-medium letter-spacing-0&#8243;][vc_column_text css=&#8221;.vc_custom_1757245733824{margin-top: 0px !important;margin-bottom: 18px !important;}&#8221;]\u00c7evre dostu hammaddeler kullanarak \u00fcretti\u011fimiz y\u00fcksek kaliteli EVA s\u00fcngerlerimizle, projelerinizde hem dayan\u0131kl\u0131l\u0131\u011f\u0131 hem de s\u00fcrd\u00fcr\u00fclebilirli\u011fi bir araya getiriyoruz.[\/vc_column_text][\/vc_column][vc_column css_animation=&#8221;fadeInUp&#8221; width=&#8221;1\/3&#8243; css=&#8221;.vc_custom_1530102193548{margin-top: 0px !important;margin-bottom: 40px !important;padding-top: 0px !important;padding-bottom: 0px !important;}&#8221; el_class=&#8221;home-eight-advice-box-item&#8221;][vc_single_image image=&#8221;8247&#8243; img_size=&#8221;full&#8221; alignment=&#8221;center&#8221; css=&#8221;.vc_custom_1757251851194{margin-top: 0px !important;margin-bottom: 20px !important;}&#8221; el_class=&#8221;full-width-image&#8221;][vc_custom_heading text=&#8221;Geni\u015f \u00dcr\u00fcn Yelpazesi&#8221; font_container=&#8221;tag:h3|font_size:20px|text_align:left|line_height:30px&#8221; use_theme_fonts=&#8221;yes&#8221; css=&#8221;.vc_custom_1757245758497{margin-top: 0px !important;margin-bottom: 8px !important;}&#8221; el_class=&#8221;font-weight-medium letter-spacing-0&#8243;][vc_column_text css=&#8221;.vc_custom_1757245741277{margin-top: 0px !important;margin-bottom: 18px !important;}&#8221;]Geni\u015f renk, doku ve kal\u0131nl\u0131k se\u00e7eneklerimizin yan\u0131 s\u0131ra, her ihtiyaca \u00f6zel tasar\u0131m ve \u00fcretim \u00e7\u00f6z\u00fcmleri sunarak projelerinizi hayata ge\u00e7irmenizi sa\u011fl\u0131yoruz.[\/vc_column_text][\/vc_column][vc_column css_animation=&#8221;fadeInUp&#8221; width=&#8221;1\/3&#8243; css=&#8221;.vc_custom_1530102203368{margin-top: 0px !important;margin-bottom: 40px !important;padding-top: 0px !important;padding-bottom: 0px !important;}&#8221; el_class=&#8221;home-eight-advice-box-item&#8221;][vc_single_image image=&#8221;8246&#8243; img_size=&#8221;full&#8221; alignment=&#8221;center&#8221; css=&#8221;.vc_custom_1757251859423{margin-top: 0px !important;margin-bottom: 20px !important;}&#8221; el_class=&#8221;full-width-image&#8221;][vc_custom_heading text=&#8221;H\u0131zl\u0131 ve G\u00fcvenilir Tedarik Zinciri&#8221; font_container=&#8221;tag:h3|font_size:20px|text_align:left|line_height:30px&#8221; use_theme_fonts=&#8221;yes&#8221; css=&#8221;.vc_custom_1757245176731{margin-top: 0px !important;margin-bottom: 8px !important;}&#8221; el_class=&#8221;font-weight-medium letter-spacing-0&#8243;][vc_column_text css=&#8221;.vc_custom_1757245748162{margin-top: 0px !important;margin-bottom: 18px !important;}&#8221;]G\u00fc\u00e7l\u00fc lojistik a\u011f\u0131m\u0131z ve operasyonel verimlili\u011fimiz sayesinde, sipari\u015flerinizi tam zaman\u0131nda ve sorunsuz bir \u015fekilde teslim ederek i\u015f s\u00fcre\u00e7lerinizi h\u0131zland\u0131r\u0131yoruz.[\/vc_column_text][\/vc_column][\/vc_row][vc_row full_width=&#8221;stretch_row&#8221; equal_height=&#8221;yes&#8221; content_placement=&#8221;middle&#8221; css=&#8221;.vc_custom_1527589199984{margin-top: 0px !important;margin-bottom: 0px !important;padding-top: 0px !important;padding-bottom: 70px !important;}&#8221;][vc_column css_animation=&#8221;fadeInUp&#8221; width=&#8221;1\/2&#8243; css=&#8221;.vc_custom_1530102223229{margin-top: 0px !important;margin-bottom: 40px !important;padding-top: 0px !important;padding-bottom: 0px !important;}&#8221;][vc_single_image image=&#8221;8120&#8243; img_size=&#8221;full&#8221; alignment=&#8221;center&#8221; css_animation=&#8221;none&#8221; css=&#8221;.vc_custom_1757242451110{margin-top: 0px !important;margin-bottom: 0px !important;}&#8221;][\/vc_column][vc_column css_animation=&#8221;fadeInRight&#8221; width=&#8221;1\/2&#8243; css=&#8221;.vc_custom_1530102228893{margin-top: 0px !important;margin-bottom: 40px !important;padding-top: 0px !important;padding-bottom: 0px !important;}&#8221;][vc_custom_heading text=&#8221;\u0130leri Teknoloji ile \u00dcst\u00fcn Kalite&#8221; font_container=&#8221;tag:h6|font_size:15px|text_align:left|line_height:26px&#8221; use_theme_fonts=&#8221;yes&#8221; css=&#8221;.vc_custom_1757242488327{margin-top: 0px !important;margin-bottom: 12px !important;}&#8221; el_class=&#8221;font-weight-medium letter-spacing-3&#8243;][vc_custom_heading text=&#8221;EVA S\u00fcnger \u00dcretiminde Lider \u00c7\u00f6z\u00fcmler&#8221; font_container=&#8221;tag:h3|font_size:40px|text_align:left|line_height:48px&#8221; use_theme_fonts=&#8221;yes&#8221; css=&#8221;.vc_custom_1757242496909{margin-top: 0px !important;margin-bottom: 25px !important;}&#8221;][vc_column_text css=&#8221;.vc_custom_1757242507747{margin-top: 0px !important;margin-bottom: 0px !important;}&#8221;]Fabrikam\u0131z, en son teknolojiye sahip \u00fcretim hatlar\u0131 ve deneyimli ekibiyle y\u00fcksek kaliteli EVA s\u00fcnger \u00fcretimi yapmaktad\u0131r. \u00dcretimin her a\u015famas\u0131nda titizlikle uygulad\u0131\u011f\u0131m\u0131z kalite kontrol s\u00fcre\u00e7leri sayesinde, dayan\u0131kl\u0131, esnek ve \u00e7evre dostu \u00fcr\u00fcnler sunuyoruz. End\u00fcstriyel ihtiya\u00e7lardan hobi uygulamalar\u0131na kadar geni\u015f bir kullan\u0131m alan\u0131na sahip EVA s\u00fcngerlerimiz, inovatif \u00e7\u00f6z\u00fcmlerimizle sekt\u00f6rde fark yaratmaktad\u0131r.[\/vc_column_text][\/vc_column][\/vc_row][\/vc_section][vc_row full_width=&#8221;stretch_row&#8221; css=&#8221;.vc_custom_1757251872996{margin-top: 0px !important;margin-bottom: 0px !important;padding-top: 80px !important;padding-bottom: 110px !important;background-image: url(https:\/\/www.eliteva.com.tr\/wp-content\/uploads\/2018\/04\/Home-Eight-Advice-Background-Image.png?id=3352) !important;background-position: 0 0 !important;background-repeat: no-repeat !important;}&#8221; el_class=&#8221;background-position-center-top&#8221;][vc_column width=&#8221;1\/2&#8243; css=&#8221;.vc_custom_1524126141648{margin-top: 0px !important;margin-bottom: 40px !important;padding-top: 0px !important;padding-bottom: 0px !important;}&#8221;][vc_custom_heading text=&#8221;S\u0131n\u0131rs\u0131z Renk ve Dokuda Yarat\u0131c\u0131l\u0131k&#8221; font_container=&#8221;tag:h6|font_size:15px|text_align:left|line_height:26px&#8221; use_theme_fonts=&#8221;yes&#8221; css=&#8221;.vc_custom_1757245077627{margin-top: 0px !important;margin-bottom: 12px !important;}&#8221; el_class=&#8221;font-weight-medium letter-spacing-3&#8243;][vc_custom_heading text=&#8221;\u00c7ok Y\u00f6nl\u00fc EVA S\u00fcnger \u00c7\u00f6z\u00fcmleri&#8221; font_container=&#8221;tag:h3|font_size:40px|text_align:left|line_height:48px&#8221; use_theme_fonts=&#8221;yes&#8221; css=&#8221;.vc_custom_1757245084253{margin-top: 0px !important;margin-bottom: 25px !important;}&#8221;][vc_custom_heading text=&#8221;\u00dcr\u00fcn yelpazemiz, farkl\u0131 kal\u0131nl\u0131k, doku ve renklerde sundu\u011fumuz EVA s\u00fcngerlerle s\u0131n\u0131rs\u0131z tasar\u0131m ve uygulama olana\u011f\u0131 sa\u011flar. P\u00fcr\u00fczs\u00fcz ve parlak y\u00fczeylerden, desenli ve p\u00fct\u00fcrl\u00fc dokulara kadar geni\u015f se\u00e7eneklerimizle her t\u00fcrl\u00fc projenize uygun malzemeyi bulabilirsiniz. EVA s\u00fcngerlerimizin hafif, esnek ve darbe emici yap\u0131s\u0131, end\u00fcstriyel ambalajdan spor malzemelerine, el i\u015fi projelerinden ayakkab\u0131 tabanlar\u0131na kadar bir\u00e7ok alanda ideal \u00e7\u00f6z\u00fcmler sunar.&#8221; font_container=&#8221;tag:div|font_size:18px|text_align:left|line_height:28px&#8221; use_theme_fonts=&#8221;yes&#8221; css=&#8221;.vc_custom_1757245093032{margin-top: 0px !important;margin-bottom: 18px !important;}&#8221;][\/vc_column][vc_column css_animation=&#8221;fadeInUp&#8221; width=&#8221;1\/2&#8243; css=&#8221;.vc_custom_1530102293013{margin-top: 0px !important;margin-bottom: 40px !important;padding-top: 0px !important;padding-bottom: 0px !important;}&#8221;][vc_single_image image=&#8221;8121&#8243; img_size=&#8221;full&#8221; alignment=&#8221;center&#8221; css_animation=&#8221;none&#8221; css=&#8221;.vc_custom_1757245065238{margin-top: 0px !important;margin-bottom: 0px !important;}&#8221;][\/vc_column][\/vc_row]<\/p>\n<\/div>","protected":false},"excerpt":{"rendered":"<p>[vc_row full_width=&#8221;stretch_row&#8221; css=&#8221;.vc_custom_1524121128079{margin-top: 0px !important;margin-bottom: 0px !important;padding-top: 235px !important;padding-bottom: 240px !important;background-image: url(https:\/\/www.eliteva.com.tr\/wp-content\/uploads\/2018\/04\/Home-Eight-Banner-Background-Image.png?id=3347) !important;background-position: center !important;background-repeat: no-repeat !important;background-size: cover !important;}&#8221; el_class=&#8221;overflow-visible&#8221;][vc_column width=&#8221;3\/4&#8243; css=&#8221;.vc_custom_1537337032673{margin-top: 0px !important;margin-bottom: 0px !important;padding-top: 0px !important;padding-bottom: 0px !important;}&#8221; offset=&#8221;vc_col-lg-7 vc_col-md-7 vc_col-xs-12&#8243;][vc_custom_heading text=&#8221;K\u00fcresel \u00d6l\u00e7ekte EVA \u00c7\u00f6z\u00fcmleri&#8221; font_container=&#8221;tag:h1|font_size:50px|text_align:left|color:%23ffffff|line_height:58px&#8221; use_theme_fonts=&#8221;yes&#8221; css=&#8221;.vc_custom_1757246677425{margin-top: 0px !important;margin-bottom: 25px !important;}&#8221;][vc_custom_heading text=&#8221;D\u00fcnyan\u0131n d\u00f6rt bir yan\u0131na yay\u0131lan tedarik a\u011f\u0131m\u0131zla, yenilik\u00e7i ve y\u00fcksek kaliteli [&hellip;]<\/p>\n","protected":false},"author":1,"featured_media":0,"parent":0,"menu_order":0,"comment_status":"closed","ping_status":"closed","template":"","meta":{"footnotes":""},"class_list":["post-3765","page","type-page","status-publish","hentry"],"_links":{"self":[{"href":"https:\/\/www.eliteva.com.tr\/index.php\/wp-json\/wp\/v2\/pages\/3765","targetHints":{"allow":["GET"]}}],"collection":[{"href":"https:\/\/www.eliteva.com.tr\/index.php\/wp-json\/wp\/v2\/pages"}],"about":[{"href":"https:\/\/www.eliteva.com.tr\/index.php\/wp-json\/wp\/v2\/types\/page"}],"author":[{"embeddable":true,"href":"https:\/\/www.eliteva.com.tr\/index.php\/wp-json\/wp\/v2\/users\/1"}],"replies":[{"embeddable":true,"href":"https:\/\/www.eliteva.com.tr\/index.php\/wp-json\/wp\/v2\/comments?post=3765"}],"version-history":[{"count":12,"href":"https:\/\/www.eliteva.com.tr\/index.php\/wp-json\/wp\/v2\/pages\/3765\/revisions"}],"predecessor-version":[{"id":8258,"href":"https:\/\/www.eliteva.com.tr\/index.php\/wp-json\/wp\/v2\/pages\/3765\/revisions\/8258"}],"wp:attachment":[{"href":"https:\/\/www.eliteva.com.tr\/index.php\/wp-json\/wp\/v2\/media?parent=3765"}],"curies":[{"name":"wp","href":"https:\/\/api.w.org\/{rel}","templated":true}]}}